{"id":291,"date":"2025-06-22T12:27:07","date_gmt":"2025-06-22T10:27:07","guid":{"rendered":"https:\/\/micosmiprimercole.com\/?page_id=291"},"modified":"2025-06-22T12:27:08","modified_gmt":"2025-06-22T10:27:08","slug":"cookie-policy","status":"publish","type":"page","link":"https:\/\/micosmiprimercole.com\/en\/cookie-policy\/","title":{"rendered":"COOKIES POLICY"},"content":{"rendered":"<p>All websites that use cookie technology must have a \"Cookie Policy\" in order to<br>clearly inform the user about what cookies are, their purpose, the data they collect according to the type of cookie used, the type of data they are used for, and the<br>cookies, how they collect and use this data, how long they are kept, etc...<br>It is important to obtain the consent of the users before starting the navigation, for this purpose, you must<br>provide in the COOKIES NOTICE a direct link to the COOKIES POLICY. The consent<br>must be informed, so this Cookie Policy constitutes the complete information that the website must provide to the user.<br>facilitate all users.<br>Please note that in the section \"what types of cookies are used on the website\" and in the detailed tables of the<br>The end user must indicate only the cookies used on the website: own, third party, technical, analytical, analytical,<br>session, etc... for this, please ask your web provider for the information.<br>The following is an example text that you can adapt according to the cookies your website uses<\/p>\n\n\n\n<p><strong>COOKIES POLICY<\/strong><\/p>\n\n\n\n<p><strong>What are cookies?<br><\/strong>In English, the term \"cookie\" means biscuit, but in the field of web browsing, a \"cookie\" is something<br>completely different<br>When you access our website, a small amount of text is stored in your device's browser.<br>which is called a \"cookie\". This text contains various information about your browsing habits and preferences,<br>content customisations, etc...<br>There are other technologies that work in a similar way and that are also used to collect data about your<br>browsing activity. We will call all these technologies together \"cookies\".<br>The specific uses we make of these technologies are described in this document.<\/p>\n\n\n\n<p><br><strong>What are cookies used for on this website?<br><\/strong>Cookies are an essential part of how our website works. The main purpose of our<br>cookies is to improve your browsing experience. For example, to remember your preferences (language, country, etc.),<br>etc.) during browsing and on future visits. The information collected in cookies also allows us to<br>improve the website, adapt it to your interests as a user, speed up the searches you perform, etc...<br>In certain cases, if we have obtained your prior informed consent, we may use cookies to<br>other uses, such as to obtain information that allows us to show you advertising based on the<br>analysis of your browsing habits.<\/p>\n\n\n\n<p><br><strong>What are cookies NOT used for on this website?<br><\/strong>The cookies we use do not store sensitive personally identifiable information such as your name, address, email address, and email address.<br>name, address, your password, etc...<br>Who uses the information stored in cookies?<br>The information stored in the cookies on our website is used exclusively by us, to<br>with the exception of those identified below as 'third party cookies', which are used and managed by<br>by external entities that provide us with services that enhance the user experience. For example the<br>statistics that are collected on the number of visits, the most liked content, etc... is usually managed by<br>GOOGLE ANALYTICS.<br>Third-party cookies are also typically used to secure payment transactions made through<br>of the website.<\/p>\n\n\n\n<p><br><strong>How can I prevent the use of cookies on this website?<br><\/strong>If you prefer to avoid the use of cookies, you can REJECT the use of cookies or you can SET the cookies you want<br>avoid and those that you allow to be used (in this document we give you more information about each type).<br>cookie, its purpose, recipient, temporality, etc... ).<br>If you have accepted them, we will not ask you again unless you delete the cookies on your device as described below.<br>is indicated in the following section.<br>If you want to revoke consent, you will have to delete cookies and reset them.<\/p>\n\n\n\n<p><br><strong>How do I disable and delete the use of cookies?<br><\/strong>To restrict, block or delete cookies from this website (and those used by third parties) you can do so, at<br>at any time by modifying your browser settings. Please note that these settings are<br>different in each browser, although it is common to find the cookie configuration in the menu<br>Preferences' 'Tools' 'Options' and then either 'Privacy and Security' or 'Clear data from<br>navigation\", etc...<br>For more details on how to configure cookies in each browser, you can consult the 'Help' menu.<br>of the same.<\/p>\n\n\n\n<p><br><strong>What types of cookies are used on this website?<br><\/strong>Each website uses its own cookies.<\/p>\n\n\n\n<h2 class=\"wp-block-heading\">CLASSIFICATION OF COOKIES<\/h2>\n\n\n\n<p><strong>ACCORDING TO THE ENTITY THAT MANAGES IT<br>Own cookies:<br><\/strong>They are those sent to the user's terminal equipment from a computer or domain managed by the user itself.<br>publisher and from which the service requested by the user is provided.<\/p>\n\n\n\n<p><br><strong>Third-party cookies:<br><\/strong>are those that are sent to the user's terminal equipment from equipment or domains that are not<br>managed by the publisher, but by another entity that processes the data obtained through cookies.<br>In the event that cookies are served from a computer or domain managed by the publisher itself,<br>but the information collected through these is managed by a third party, they cannot be<br>considered to be own cookies if the third party uses them for its own purposes (e.g., the<br>improvement of the services it provides or the provision of services of an advertising nature for the benefit of others<br>entities).<br><strong>ACCORDING TO THEIR PURPOSE<\/strong><\/p>\n\n\n\n<p><strong><br>Technical cookies:<br><\/strong>are those necessary for the navigation and the proper functioning of our website, such as<br>e.g. monitoring traffic and data communication, session identification, accessing access parts<br>The following are some of the elements that make up an order, the process of purchasing an order,<br>manage the payment, control fraud linked to the security of the service, carry out the application for registration or<br>participation in an event, count visits for the purposes of invoicing software licences with which you<br>the service (website, platform or application) works, use security features during the<br>navigation, storing content for video or sound broadcasting, enabling dynamic content (by<br>e.g. text or image loading animation) or sharing content via social networks.<\/p>\n\n\n\n<p><br><strong>Analysis cookies:<\/strong><br>allow us to quantify the number of users and thus carry out the measurement and statistical analysis of the usage that<br>users of the service offered. For this purpose, their browsing on our website is analysed in order to<br>improve the range of products or services we offer you.<\/p>\n\n\n\n<p><br><strong>Preference or personalisation cookies:<\/strong><br>are those that allow information to be remembered in order for the user to access the service with specific<br>features that may differentiate your experience from that of other users, e.g. language, language, language of the<br>number of results to display when the user performs a search, the look and feel or content of the service in<br>depending on the type of browser through which the user accesses the service or the region from which the user accesses the service<br>to the service, etc.<\/p>\n\n\n\n<p><br><strong>Behavioural advertising:<\/strong><br>are those which, processed by us or by third parties, allow us to analyse your browsing habits on our website.<br>Internet so that we can show you advertising related to your browsing profile.<\/p>\n\n\n\n<p><strong>ACCORDING TO THE LENGTH OF TIME THEY REMAIN ACTIVE<\/strong><\/p>\n\n\n\n<p><strong><br>Session cookies:<br><\/strong>are those designed to collect and store data while the user accesses a web page.<br>They are often used to store information that is only relevant to the provision of the service.<br>requested by the user on a single occasion (e.g., a list of products purchased) and disappear when the user<br>end the session<\/p>\n\n\n\n<p><br><strong>Persistent cookies:<br><\/strong>are those in which the data remains stored in the terminal and can be accessed and processed during<br>a period defined by the cookie manager, which can range from a few minutes to several years. To this<br>In this respect, it should be specifically assessed whether persistent cookies are necessary, as the use of persistent cookies is not always possible.<br>privacy risks could be reduced by the use of session cookies. In any case, when<br>persistent cookies are installed, it is recommended to reduce their temporary duration to the minimum necessary, taking into account<br>the purpose of its use. To this end, WG29 Opinion 4\/2012 indicated that for a cookie to be used for the following purposes<br>be exempted from the duty of informed consent, its expiry should be related to its purpose.<br>As a result, session cookies are much more likely to be considered as excepted than cookies that are not.<br>persistent<\/p>","protected":false},"excerpt":{"rendered":"<p>En todas las p\u00e1ginas web que usen tecnolog\u00eda \u201ccookie\u201d debe existir una \u201cPol\u00edtica de cookies\u201d con el fin deinformar con claridad al usuario de qu\u00e9 son las cookies, su finalidad, los datos que recopilan seg\u00fan los tipos decookies, c\u00f3mo los recopilan y utilizan estos datos, el tiempo de conservaci\u00f3n, etc\u2026Es importante recabar el consentimiento de [&hellip;]<\/p>\n","protected":false},"author":1,"featured_media":0,"parent":0,"menu_order":0,"comment_status":"closed","ping_status":"closed","template":"","meta":{"inline_featured_image":false,"_joinchat":[],"footnotes":""},"class_list":["post-291","page","type-page","status-publish","hentry"],"_links":{"self":[{"href":"https:\/\/micosmiprimercole.com\/en\/wp-json\/wp\/v2\/pages\/291","targetHints":{"allow":["GET"]}}],"collection":[{"href":"https:\/\/micosmiprimercole.com\/en\/wp-json\/wp\/v2\/pages"}],"about":[{"href":"https:\/\/micosmiprimercole.com\/en\/wp-json\/wp\/v2\/types\/page"}],"author":[{"embeddable":true,"href":"https:\/\/micosmiprimercole.com\/en\/wp-json\/wp\/v2\/users\/1"}],"replies":[{"embeddable":true,"href":"https:\/\/micosmiprimercole.com\/en\/wp-json\/wp\/v2\/comments?post=291"}],"version-history":[{"count":1,"href":"https:\/\/micosmiprimercole.com\/en\/wp-json\/wp\/v2\/pages\/291\/revisions"}],"predecessor-version":[{"id":292,"href":"https:\/\/micosmiprimercole.com\/en\/wp-json\/wp\/v2\/pages\/291\/revisions\/292"}],"wp:attachment":[{"href":"https:\/\/micosmiprimercole.com\/en\/wp-json\/wp\/v2\/media?parent=291"}],"curies":[{"name":"wp","href":"https:\/\/api.w.org\/{rel}","templated":true}]}}