{"id":286,"date":"2025-06-20T22:44:02","date_gmt":"2025-06-20T20:44:02","guid":{"rendered":"https:\/\/micosmiprimercole.com\/?page_id=286"},"modified":"2025-06-20T22:54:54","modified_gmt":"2025-06-20T20:54:54","slug":"privacy-policy","status":"publish","type":"page","link":"https:\/\/micosmiprimercole.com\/en\/privacy-policy\/","title":{"rendered":"PRIVACY POLICY"},"content":{"rendered":"<p>Micos Mi Primer Cole Sl, with CIF\/NIF B83695718, and registered office at <a href=\"https:\/\/g.co\/kgs\/AZcQ8Cb\" target=\"_blank\" rel=\"noreferrer noopener\">C. del Guadalquivir, 16, Chamart\u00edn, 28002 Madrid<\/a> and with e-mail <a href=\"mailto:micos@micosmiprimercole.com\">micos@micosmiprimercole.com<\/a> y<br>phone 917 45 17 91<\/p>\n\n\n\n<p><strong>Data Protection Officer<\/strong><\/p>\n\n\n\n<p>The owner is responsible for the personal data collected through browsing and use of this website.<br>in accordance with the requirements set out in REGULATION (EU) 2016\/679 on data protection<br>of natural persons as well as in accordance with Law 34\/2002 of 11 July 2002 on Information Society Services.<br>Information and Electronic Commerce (LSSI-CE).<br>By using this website, we understand that you have read and understood the information set out in relation to<br>with the processing of your personal data.<\/p>\n\n\n\n<p><strong>Data protection policy<\/strong><\/p>\n\n\n\n<p>The controller applies the principle of active responsibility in the processing of personal data,<br>by constantly updating and promoting the continuous improvement of the system for the protection of human rights and fundamental freedoms.<br>data in accordance with the applicable legal requirements, guaranteeing in any case:<\/p>\n\n\n\n<ul class=\"wp-block-list\">\n<li>respect for the fundamental rights and freedoms of natural persons<\/li>\n\n\n\n<li>that the data are processed lawfully, fairly and transparently<\/li>\n\n\n\n<li>that the data processed are accurate, adequate, relevant and limited in relation to the purposes for which they were collected, processed and used.<br>which are collected<\/li>\n\n\n\n<li>that the purposes for which they are collected are explicit and legitimate and that they are not processed in any other way.<br>incompatible with those purposes<br>The purpose of this document is to inform users about what we do with their personal data, how to<br>are collected, what they are used for, their rights and all necessary legal information.<br>established by the regulations in force<\/li>\n<\/ul>\n\n\n\n<p><strong>Data collected, purpose and lawfulness<\/strong><\/p>\n\n\n\n<p>The personal data processed are those provided by the users through the forms<br>available on this website and are the minimum requirements to be able to:<\/p>\n\n\n\n<ul class=\"wp-block-list\">\n<li>send you information about our products \/ services<\/li>\n\n\n\n<li>to answer queries<\/li>\n\n\n\n<li>processing orders, as well as being able to draw up the corresponding invoices, report on the status of the orders, and to<br>orders, deal with complaints and any other management derived from the provision of the service carried out to<br>through this website<br>These purposes are based on legal principles for the processing of the data collected by the regulations.<br>in force: for the performance of a contract or the provision of a service to users, for the fulfilment of<br>legal obligations, for the legitimate interest and with the consent of the users.<\/li>\n<\/ul>\n\n\n\n<p><strong>Web forms<\/strong><\/p>\n\n\n\n<p>The personal data collected through the contact web form is used for the purpose of answering any queries you may have.<br>user's query through the same<br>The personal data collected in the order form is used to process the necessary data.<br>for the correct management of your orders<br>The processing of the data is legitimised by the consent that you give us by expressly accepting<br>the conditions of treatment informed through this privacy policy.<\/p>\n\n\n\n<p><strong>Data recipients<\/strong><\/p>\n\n\n\n<p>The personal data obtained through the web forms are recorded and stored in<br>electronic media controlled and monitored by the controller.<br>Your personal data will not be communicated to third parties, except that such communication of data will not be made to third parties.<br>is covered by a legal obligation or when, for the proper provision of the service or the execution of the<br>contract it is necessary to communicate your data to third parties in order to make the payment (payment gateways), so<br>how to manage deliveries of products (transporters), this assignment being based on the needs of the<br>service. Payment through other payment gateways, we recommend the user to read the privacy policy for<br>understand how it handles personal information, e.g.<\/p>\n\n\n\n<ul class=\"wp-block-list\">\n<li>Redsys Servicios de Procesamiento, S.L. (\"Redsys\"), established in Madrid, calle Francisco Sancha,<br>number 12, and with C.I.F. number B-85955367, which fully complies with the legislation in force in<br>protection of personal data and with the confidentiality commitments of the European Union and its Member States.<br>of its activity. Redsys has adopted the necessary technical measures to maintain the level of security<br>required.<br>You can view their privacy policy at<br>https:www.redsys.es\/legal\/20180223_politica_de_privacidad_web_publica_redsys.pdf<\/li>\n\n\n\n<li>Bizum - https:\/\/bizum.com\/es\/politica-de-privacidad\/<br>For cases where the communication of data to third parties is not covered by the legal bases<br>set out in the previous paragraph, the communication of data to other recipients shall only take place if the<br>user has given his or her express consent.<br>Strict criteria for the selection of processors and contractual commitment are maintained.<br>with each of them to comply with and enforce the obligations set out in the protection of human rights and fundamental freedoms.<br>data<\/li>\n<\/ul>\n\n\n\n<p><br>In the event of international data transfers Micos Mi Primer Cole Sl, CIF\/NIF B83695718 will ensure that the transfer of your personal data is carried out in accordance with the applicable privacy laws and, in the event of the transfer of your personal data to another country, Micos Mi Primer Cole Sl, CIF\/NIF B83695718 will ensure that the transfer of your personal data is carried out in accordance with the applicable privacy laws, and in<br>in particular, that the necessary contractual, technical and organisational measures are implemented, such as the<br>standard contractual agreements approved by the European Commission.<br>You can obtain more information about the processing of personal data from our organisation<br>requesting it in the mail: <a href=\"mailto:micos@micosmiprimercole.com\">micos@micosmiprimercole.com<\/a><a href=\"https:\/\/puroc.es\/politica-de-privacidad\/\" target=\"_blank\" rel=\"noopener\"><\/a><\/p>\n\n\n\n<p><strong>Technical and organisational data protection measures<br><\/strong>The media have the necessary technical and organisational measures in place to ensure confidentiality and<br>the retention of personal data obtained through the website<br>The personal data collected from the website are processed using HTML protocol with SSL certificate.<br>valid<br>The staff involved in data processing operations: access, editing, deletion, etc. are<br>trained and committed to this data protection policy.<\/p>\n\n\n\n<p><br><strong>Data retention<br><\/strong>The personal data obtained through the contact form will be kept for the following period of time<br>necessary to deal with the request\/query made.<br>Personal data obtained through the order form will be retained for as long as there are<br>a contractual and\/or commercial relationship with you or as long as you do not exercise your right of erasure,<br>cancellation and\/or limitation of the processing of your data.<br>Once the contractual relationship has expired, we will keep the information properly blocked and will not use it in any way,<br>for as long as it may be necessary for the exercise or defence of claims or may result in any form of<br>legal, legal or contractual responsibility for their treatment, which must be addressed and for which it is<br>recovery is needed<br>If you have expressly agreed to receive commercial information from us, we will keep your personal data for a period of time.<br>contact us until you notify us of your decision to cancel such commercial mailings.<\/p>\n\n\n\n<p><strong>Information on the existence of automated decisions (including the production of<br>profiles)<\/strong><br>We do not normally take automatic decisions, but when we do, we will make it clear that it is being<br>adopting this type of decision. However, Micos Mi Primer Cole Sl, with CIF\/NIF B83695718 collects the following information<br>several sections dedicated to the personalisation of services in order to display customised advertising to the<br>to log in to its website and also for sending personalised communications.<br>Micos Mi Primer Cole Sl, with CIF\/NIF B83695718 acknowledges the possibility of profiling for<br>improve your product offering or personalise the delivery of commercial offers or provide a more personalised service<br>to the client.<\/p>\n\n\n\n<p><br><strong>Opposition to the processing of data for advertising purposes<br><\/strong>If you gave your consent for your data to be used for advertising purposes and you no longer wish to receive<br>advertising, you can revoke your consent at any time by sending an e-mail to the following address<br>e-mail to mail of the person in charge <a href=\"mailto:micos@micosmiprimercole.com\">micos@micosmiprimercole.com<\/a><\/p>\n\n\n\n<p><br><strong>Changes to the Privacy Policy<br><\/strong>We may change the information contained in this Privacy and Cookie Policy from time to time.<br>we deem appropriate. In the event that we do so, we will notify you by various means through the<br>Platform (e.g. via a banner, a pop-up or a push notification), or you can even get it from the<br>we will communicate to your email address when the change in question is significant to your<br>privacy, so that you can review the changes, assess them and, where appropriate, object or unsubscribe in<br>any service or functionality. In any case, we suggest that you review this Privacy Policy and the Privacy Policy.<br>Cookies from time to time in case there are minor changes or we introduce any interactive enhancements<\/p>\n\n\n\n<h2 class=\"wp-block-heading\">LEGAL NOTICE<\/h2>\n\n\n\n<p><strong>Intellectual and industrial property<br><\/strong>The design of the portal and its source codes, as well as the logos, trademarks and other distinctive signs that appear on it<br>in the same belong to (Micos Mi Primer Cole Sl, with CIF\/NIF B83695718) and are protected by the corresponding copyright and trademark rights.<br>intellectual and industrial property<\/p>\n\n\n\n<p><br><strong>Responsibility for content<br><\/strong>Micos Mi Primer Cole Sl, CIF\/NIF B83695718 is not responsible for the legality of other websites.<br>of third parties from which the portal can be accessed. Nor is it responsible for the legality of other websites of<br>third parties, which may be linked to or linked from this portal<br>Micos Mi Primer Cole Sl, with CIF\/NIF B83695718 will not be held responsible for the use that third parties make of the<br>information published on the portal, nor for any damage suffered or financial loss which, in any way, may be caused by the use of the portal.<br>directly or indirectly, cause or threaten to cause economic, material or data-related damage, caused by<br>for the use of such information.<\/p>\n\n\n\n<p><strong>Content playback<\/strong><br>In accordance with the provisions of the Law on Intellectual Property, reproduction is expressly prohibited,<br>the distribution and public communication of all or part of the contents of this website, with<br>commercial purposes in any medium, and by any technical means, without the authorisation of Micos Mi Primer Cole Sl, CIF\/NIF B83695718.<\/p>\n\n\n\n<p><br><strong>Applicable law<\/strong><br>Micos Mi Primer Cole Sl, with CIF\/NIF B83695718 reserves the right to bring civil or criminal actions against the company.<br>penalties it deems necessary for the improper use of the website and its contents, or for the<br>non-compliance with these conditions.<br>The relationship between the user and Micos Mi Primer Cole Sl, with CIF\/NIF B83695718 will be governed by the following regulations<br>in force and applicable in the national territory. In the event of any dispute arising in relation to the interpretation of the<br>and\/or the application of these conditions, the parties shall submit disputes to the ordinary jurisdiction,<br>submitting to the Courts and Tribunals that correspond in accordance with the Law.<br>We also inform you that an out-of-court dispute resolution procedure is available to you.<br>free of charge and accessible to all citizens, it is the online dispute resolution platform of the<br>European Union, accessible via the following link:<br>https:\/\/ec.europa.eu\/consumers\/odr\/main\/?event=main.home2.show.<\/p>\n\n\n\n<p><br><strong>Cookies<\/strong><br>In the case of using \"cookie\" technology on the website, there is a specific section that informs you about its use.<br>existence as well as its use policy. See the \"cookies policy\" section.<br>Otherwise, navigation cookies are not used.<\/p>\n\n\n\n<p><br><strong>Personal data of minors<br><\/strong>This website is not intended for underage users. If you are underage, please do not attempt to<br>register as a user. If we discover that we have mistakenly obtained personal information from a minor,<br>We will delete such information as soon as possible.<\/p>\n\n\n\n<p><br><strong>Exercising data protection rights<br><\/strong>In accordance with the rights conferred by the current legislation on the protection of personal data, the following data protection legislation is in force<br>personal data, the user may exercise the rights of access, rectification, limitation of processing, deletion,<br>portability and objection to the processing of your data by sending your request to the postal address indicated or to the<br>e-mail <a href=\"mailto:micos@micosmiprimercole.com\">micos@micosmiprimercole.com<\/a><\/p>\n\n\n\n<p><strong>In order to exercise your rights, you must identify yourself by presenting your ID card.<br><\/strong>If you have any complaints, please contact us by e-mail <a href=\"mailto:micos@micosmiprimercole.com\">micos@micosmiprimercole.com<\/a> It may also<br>to the Spanish Data Protection Agency (Agencia Espa\u00f1ola de Protecci\u00f3n de Datos):<br>https:\/\/www.aepd.es<\/p>","protected":false},"excerpt":{"rendered":"<p>Micos Mi Primer Cole Sl, con CIF\/NIF B83695718, y domicilio en C. del Guadalquivir, 16, Chamart\u00edn, 28002 Madrid y con correo electr\u00f3nico micos@micosmiprimercole.com ytel\u00e9fono 917 45 17 91 Responsable de protecci\u00f3n de datos El titular es el responsable de los datos personales que son recabados por la navegaci\u00f3n y uso de esta webconforme a los [&hellip;]<\/p>\n","protected":false},"author":1,"featured_media":0,"parent":0,"menu_order":0,"comment_status":"closed","ping_status":"closed","template":"","meta":{"inline_featured_image":false,"_joinchat":[],"footnotes":""},"class_list":["post-286","page","type-page","status-publish","hentry"],"_links":{"self":[{"href":"https:\/\/micosmiprimercole.com\/en\/wp-json\/wp\/v2\/pages\/286","targetHints":{"allow":["GET"]}}],"collection":[{"href":"https:\/\/micosmiprimercole.com\/en\/wp-json\/wp\/v2\/pages"}],"about":[{"href":"https:\/\/micosmiprimercole.com\/en\/wp-json\/wp\/v2\/types\/page"}],"author":[{"embeddable":true,"href":"https:\/\/micosmiprimercole.com\/en\/wp-json\/wp\/v2\/users\/1"}],"replies":[{"embeddable":true,"href":"https:\/\/micosmiprimercole.com\/en\/wp-json\/wp\/v2\/comments?post=286"}],"version-history":[{"count":2,"href":"https:\/\/micosmiprimercole.com\/en\/wp-json\/wp\/v2\/pages\/286\/revisions"}],"predecessor-version":[{"id":289,"href":"https:\/\/micosmiprimercole.com\/en\/wp-json\/wp\/v2\/pages\/286\/revisions\/289"}],"wp:attachment":[{"href":"https:\/\/micosmiprimercole.com\/en\/wp-json\/wp\/v2\/media?parent=286"}],"curies":[{"name":"wp","href":"https:\/\/api.w.org\/{rel}","templated":true}]}}